{"id":18,"date":"2025-04-23T17:32:09","date_gmt":"2025-04-23T17:32:09","guid":{"rendered":"https:\/\/alpes-ascensions.com\/?page_id=18"},"modified":"2025-04-24T18:12:43","modified_gmt":"2025-04-24T18:12:43","slug":"legal-information","status":"publish","type":"page","link":"https:\/\/alpes-ascensions.com\/en\/legal-information\/","title":{"rendered":"Legal information"},"content":{"rendered":"<div data-elementor-type=\"wp-page\" data-elementor-id=\"18\" class=\"elementor elementor-18\" data-elementor-post-type=\"page\">\n\t\t\t\t<div class=\"elementor-element elementor-element-1a2ece4 e-flex e-con-boxed e-con e-parent\" data-id=\"1a2ece4\" data-element_type=\"container\" data-e-type=\"container\">\n\t\t\t\t\t<div class=\"e-con-inner\">\n\t\t\t\t<div class=\"elementor-element elementor-element-0b0a1d2 elementor-widget elementor-widget-heading\" data-id=\"0b0a1d2\" data-element_type=\"widget\" data-e-type=\"widget\" data-widget_type=\"heading.default\">\n\t\t\t\t\t<h1 class=\"elementor-heading-title elementor-size-default\">Legal information<\/h1>\t\t\t\t<\/div>\n\t\t\t\t<div class=\"elementor-element elementor-element-b6c9734 elementor-widget elementor-widget-heading\" data-id=\"b6c9734\" data-element_type=\"widget\" data-e-type=\"widget\" data-widget_type=\"heading.default\">\n\t\t\t\t\t<h2 class=\"elementor-heading-title elementor-size-default\">Editorial responsibility<\/h2>\t\t\t\t<\/div>\n\t\t\t\t<div class=\"elementor-element elementor-element-bee3e60 elementor-widget__width-initial elementor-widget-mobile__width-inherit elementor-widget-tablet__width-inherit elementor-widget elementor-widget-text-editor\" data-id=\"bee3e60\" data-element_type=\"widget\" data-e-type=\"widget\" data-widget_type=\"text-editor.default\">\n\t\t\t\t\t\t\t\t\t<p>Mr Baptiste Locatelli is the editorial manager of the alpes-ascensions.com website.<\/p>\t\t\t\t\t\t\t\t<\/div>\n\t\t\t\t<div class=\"elementor-element elementor-element-b63ccf7 elementor-widget elementor-widget-heading\" data-id=\"b63ccf7\" data-element_type=\"widget\" data-e-type=\"widget\" data-widget_type=\"heading.default\">\n\t\t\t\t\t<h2 class=\"elementor-heading-title elementor-size-default\">Company<\/h2>\t\t\t\t<\/div>\n\t\t\t\t<div class=\"elementor-element elementor-element-3f61b26 elementor-widget__width-initial elementor-widget-mobile__width-inherit elementor-widget-tablet__width-inherit elementor-widget elementor-widget-text-editor\" data-id=\"3f61b26\" data-element_type=\"widget\" data-e-type=\"widget\" data-widget_type=\"text-editor.default\">\n\t\t\t\t\t\t\t\t\t<p>Locatelli Baptiste<br \/>340 Chemin des Carri\u00e8res<br \/>73230 Saint-Alban-Leysse<br \/>SIRET: 817 687 924 00032<br \/>Legal form: EI<\/p>\t\t\t\t\t\t\t\t<\/div>\n\t\t\t\t<div class=\"elementor-element elementor-element-9821622 elementor-widget elementor-widget-heading\" data-id=\"9821622\" data-element_type=\"widget\" data-e-type=\"widget\" data-widget_type=\"heading.default\">\n\t\t\t\t\t<h2 class=\"elementor-heading-title elementor-size-default\">Production<\/h2>\t\t\t\t<\/div>\n\t\t\t\t<div class=\"elementor-element elementor-element-7afd99b elementor-widget__width-initial elementor-widget-mobile__width-inherit elementor-widget-tablet__width-inherit elementor-widget elementor-widget-text-editor\" data-id=\"7afd99b\" data-element_type=\"widget\" data-e-type=\"widget\" data-widget_type=\"text-editor.default\">\n\t\t\t\t\t\t\t\t\t<p>Topicimes - Web agency in Le Mans<br \/>3 Avenue Ren\u00e9 Laennec<br \/>72000 Le Mans<br \/>Telephone: 07 56 83 87 77<br \/><a href=\"https:\/\/topicimes.pro\/\" target=\"_blank\" rel=\"noopener\">https:\/\/topicimes.pro\/<\/a><\/p>\t\t\t\t\t\t\t\t<\/div>\n\t\t\t\t<div class=\"elementor-element elementor-element-d2e8826 elementor-widget elementor-widget-heading\" data-id=\"d2e8826\" data-element_type=\"widget\" data-e-type=\"widget\" data-widget_type=\"heading.default\">\n\t\t\t\t\t<h2 class=\"elementor-heading-title elementor-size-default\">Host<\/h2>\t\t\t\t<\/div>\n\t\t\t\t<div class=\"elementor-element elementor-element-a1b9b41 elementor-widget__width-initial elementor-widget-mobile__width-inherit elementor-widget-tablet__width-inherit elementor-widget elementor-widget-text-editor\" data-id=\"a1b9b41\" data-element_type=\"widget\" data-e-type=\"widget\" data-widget_type=\"text-editor.default\">\n\t\t\t\t\t\t\t\t\t<p>Kinsta Inc.<br \/>Clarkesville, GA 30523<br \/>United States<br \/>legal@kinsta.com<\/p>\t\t\t\t\t\t\t\t<\/div>\n\t\t\t\t\t<\/div>\n\t\t\t\t<\/div>\n\t\t\t\t<\/div>","protected":false},"excerpt":{"rendered":"<p>Legal information Editorial responsibility Mr Baptiste Locatelli is the editorial director of the alpes-ascensions.com website Soci\u00e9t\u00e9 Locatelli Baptiste340 Chemin des Carri\u00e8res73230 Saint-Alban-LeysseSIRET : 817 687 924 00032Legal form : EI R\u00e9alisation Topicimes - Agence Web \u00e0 Le Mans3 Avenue Ren\u00e9 Laennec72000 Le MansTelephone : 07 56 83 87 77https:\/\/topicimes.pro\/ Hosting Kinsta Inc.Clarkesville, GA 30523United Stateslegal@kinsta.com<\/p>","protected":false},"author":1,"featured_media":0,"parent":0,"menu_order":0,"comment_status":"closed","ping_status":"closed","template":"","meta":{"footnotes":""},"class_list":["post-18","page","type-page","status-publish","hentry"],"_links":{"self":[{"href":"https:\/\/alpes-ascensions.com\/en\/wp-json\/wp\/v2\/pages\/18","targetHints":{"allow":["GET"]}}],"collection":[{"href":"https:\/\/alpes-ascensions.com\/en\/wp-json\/wp\/v2\/pages"}],"about":[{"href":"https:\/\/alpes-ascensions.com\/en\/wp-json\/wp\/v2\/types\/page"}],"author":[{"embeddable":true,"href":"https:\/\/alpes-ascensions.com\/en\/wp-json\/wp\/v2\/users\/1"}],"replies":[{"embeddable":true,"href":"https:\/\/alpes-ascensions.com\/en\/wp-json\/wp\/v2\/comments?post=18"}],"version-history":[{"count":0,"href":"https:\/\/alpes-ascensions.com\/en\/wp-json\/wp\/v2\/pages\/18\/revisions"}],"wp:attachment":[{"href":"https:\/\/alpes-ascensions.com\/en\/wp-json\/wp\/v2\/media?parent=18"}],"curies":[{"name":"wp","href":"https:\/\/api.w.org\/{rel}","templated":true}]}}