{"id":32,"date":"2025-04-23T17:33:12","date_gmt":"2025-04-23T17:33:12","guid":{"rendered":"https:\/\/alpes-ascensions.com\/?page_id=32"},"modified":"2026-02-19T17:19:37","modified_gmt":"2026-02-19T17:19:37","slug":"contact","status":"publish","type":"page","link":"https:\/\/alpes-ascensions.com\/en\/contact\/","title":{"rendered":"Contact"},"content":{"rendered":"\t\t<div data-elementor-type=\"wp-page\" data-elementor-id=\"32\" class=\"elementor elementor-32\" data-elementor-post-type=\"page\">\n\t\t\t\t<div class=\"elementor-element elementor-element-acf0b23 e-con-full e-flex e-con e-parent\" data-id=\"acf0b23\" data-element_type=\"container\" data-e-type=\"container\">\n\t\t\t\t<div class=\"elementor-element elementor-element-7cd01a6 elementor-align-justify elementor-widget elementor-widget-button\" data-id=\"7cd01a6\" data-element_type=\"widget\" data-e-type=\"widget\" data-widget_type=\"button.default\">\n\t\t\t\t\t\t\t\t\t\t<a class=\"elementor-button elementor-button-link elementor-size-sm\" href=\"tel:Appelez-moi%20:%20+33%20(0)7%2049%2083%2027%2087\">\n\t\t\t\t\t\t<span class=\"elementor-button-content-wrapper\">\n\t\t\t\t\t\t<span class=\"elementor-button-icon\">\n\t\t\t\t<svg xmlns=\"http:\/\/www.w3.org\/2000\/svg\" id=\"Layer_1\" data-name=\"Layer 1\" viewBox=\"0 0 24 24\" width=\"512\" height=\"512\"><path d=\"M4,0V21c0,1.654,1.346,3,3,3h10c1.654,0,3-1.346,3-3V0H4Zm14,21c0,.551-.448,1-1,1H7c-.551,0-1-.449-1-1V2h12V21Zm-4-1h-4v-2h4v2Z\"><\/path><\/svg>\t\t\t<\/span>\n\t\t\t\t\t\t\t\t\t<span class=\"elementor-button-text\">Appelez-moi : +33 (0)7 49 83 27 87<\/span>\n\t\t\t\t\t<\/span>\n\t\t\t\t\t<\/a>\n\t\t\t\t\t\t\t\t<\/div>\n\t\t\t\t<\/div>\n\t\t<header class=\"elementor-element elementor-element-438c0eb e-con-full header-vide e-flex e-con e-parent\" data-id=\"438c0eb\" data-element_type=\"container\" data-e-type=\"container\" data-settings=\"{&quot;background_background&quot;:&quot;gradient&quot;}\">\n\t\t\t\t<div class=\"elementor-element elementor-element-ac061fd elementor-widget elementor-widget-image\" data-id=\"ac061fd\" data-element_type=\"widget\" data-e-type=\"widget\" data-widget_type=\"image.default\">\n\t\t\t\t\t\t\t\t\t\t\t\t\t\t\t\t<a href=\"https:\/\/alpes-ascensions.com\/en\">\n\t\t\t\t\t\t\t<img decoding=\"async\" width=\"270\" height=\"49\" src=\"https:\/\/alpes-ascensions.com\/wp-content\/uploads\/Logo_Blanc.png\" class=\"attachment-large size-large wp-image-2024\" alt=\"\" srcset=\"https:\/\/alpes-ascensions.com\/wp-content\/uploads\/Logo_Blanc.png 270w, https:\/\/alpes-ascensions.com\/wp-content\/uploads\/Logo_Blanc-18x3.png 18w\" sizes=\"(max-width: 270px) 100vw, 270px\" \/>\t\t\t\t\t\t\t\t<\/a>\n\t\t\t\t\t\t\t\t\t\t\t\t\t\t\t<\/div>\n\t\t\t\t<\/header>\n\t\t<div class=\"elementor-element elementor-element-8d48e33 e-flex e-con-boxed e-con e-parent\" data-id=\"8d48e33\" data-element_type=\"container\" data-e-type=\"container\" data-settings=\"{&quot;background_background&quot;:&quot;classic&quot;}\">\n\t\t\t\t\t<div class=\"e-con-inner\">\n\t\t\t\t<div class=\"elementor-element elementor-element-847c0d4 elementor-widget__width-initial elementor-widget-tablet__width-inherit elementor-widget elementor-widget-heading\" data-id=\"847c0d4\" data-element_type=\"widget\" data-e-type=\"widget\" data-widget_type=\"heading.default\">\n\t\t\t\t\t<h1 class=\"elementor-heading-title elementor-size-default\">Besoin d'infos ?<\/h1>\t\t\t\t<\/div>\n\t\t\t\t<div class=\"elementor-element elementor-element-eb7c959 elementor-widget elementor-widget-heading\" data-id=\"eb7c959\" data-element_type=\"widget\" data-e-type=\"widget\" data-widget_type=\"heading.default\">\n\t\t\t\t\t<p class=\"elementor-heading-title elementor-size-default\">Demandez-moi conseil, cela n'engage \u00e0 rien !<\/p>\t\t\t\t<\/div>\n\t\t\t\t\t<\/div>\n\t\t\t\t<\/div>\n\t\t<div class=\"elementor-element elementor-element-51d79e3 e-flex e-con-boxed e-con e-parent\" data-id=\"51d79e3\" data-element_type=\"container\" data-e-type=\"container\">\n\t\t\t\t\t<div class=\"e-con-inner\">\n\t\t<div class=\"elementor-element elementor-element-676f2f4 e-con-full e-flex e-con e-child\" data-id=\"676f2f4\" data-element_type=\"container\" data-e-type=\"container\" data-settings=\"{&quot;background_background&quot;:&quot;classic&quot;}\">\n\t\t<div class=\"elementor-element elementor-element-18f3846 e-con-full elementor-hidden-mobile e-flex e-con e-child\" data-id=\"18f3846\" data-element_type=\"container\" data-e-type=\"container\" data-settings=\"{&quot;background_background&quot;:&quot;classic&quot;}\">\n\t\t<div class=\"elementor-element elementor-element-0202a8f e-con-full e-flex e-con e-child\" data-id=\"0202a8f\" data-element_type=\"container\" data-e-type=\"container\">\n\t\t\t\t<div class=\"elementor-element elementor-element-5e985e8 elementor-position-inline-start elementor-view-default elementor-mobile-position-block-start elementor-widget elementor-widget-icon-box\" data-id=\"5e985e8\" data-element_type=\"widget\" data-e-type=\"widget\" data-widget_type=\"icon-box.default\">\n\t\t\t\t\t\t\t<div class=\"elementor-icon-box-wrapper\">\n\n\t\t\t\t\t\t<div class=\"elementor-icon-box-icon\">\n\t\t\t\t<span  class=\"elementor-icon\">\n\t\t\t\t<svg xmlns=\"http:\/\/www.w3.org\/2000\/svg\" id=\"Layer_1\" data-name=\"Layer 1\" viewBox=\"0 0 24 24\"><path d=\"m15,15h1.001v2h-1.001c-1.358,0-2.612-.68-3.354-1.819l1.676-1.092c.372.571.999.911,1.678.911Zm-1.38-3.448h0c.206-.196.88-.552,1.38-.552h.124l-1.05-1.027c-.211-.211-.4-.434-.578-.663-.464.189-.891.447-1.256.795h0c-.649.62-1.075,1.448-1.2,2.333l1.98.278c.062-.441.275-.854.6-1.164Zm5.38-5.052c.828,0,1.5-.672,1.5-1.5s-.672-1.5-1.5-1.5-1.5.672-1.5,1.5.672,1.5,1.5,1.5Zm-3.528,2.043c-1.957-1.958-1.957-5.129-.008-7.079.945-.944,2.201-1.464,3.536-1.464s2.591.52,3.536,1.464h0c1.949,1.95,1.949,5.122,0,7.072l-3.536,3.458-3.528-3.45Zm1.406-1.422l2.122,2.075,2.129-2.083c1.162-1.162,1.162-3.065-.008-4.235-.567-.566-1.32-.878-2.122-.878s-1.555.312-2.122.879c-1.169,1.169-1.169,3.073,0,4.243Zm-1.878,16.878h4v-2h-4v2ZM5,15.5c-.828,0-1.5.672-1.5,1.5s.672,1.5,1.5,1.5,1.5-.672,1.5-1.5-.672-1.5-1.5-1.5Zm18.011,1.185c-.859-1.071-2.138-1.685-3.509-1.685h-1.502v2h1.501c.761,0,1.472.341,1.95.937l1.56-1.252Zm.979,2.506l-1.995.134c.004.058.006.116.006.175,0,.978-.575,1.871-1.465,2.276l.829,1.82c1.601-.73,2.636-2.338,2.636-4.097,0-.104-.004-.207-.011-.309Zm-16.136,4.809h5.146v-2h-3.102l-2.045,2Zm.682-3.464l-3.535,3.458-3.528-3.45c-1.957-1.958-1.957-5.129-.008-7.079.945-.944,2.201-1.464,3.536-1.464s2.591.52,3.535,1.464c1.95,1.95,1.95,5.122,0,7.071Zm-1.414-5.657c-.566-.566-1.32-.878-2.121-.878s-1.555.312-2.122.879c-1.169,1.169-1.169,3.073,0,4.243l2.122,2.074,2.129-2.082c1.162-1.162,1.162-3.065-.008-4.235Z\"><\/path><\/svg>\t\t\t\t<\/span>\n\t\t\t<\/div>\n\t\t\t\n\t\t\t\t\t\t<div class=\"elementor-icon-box-content\">\n\n\t\t\t\t\t\t\t\t\t<h2 class=\"elementor-icon-box-title\">\n\t\t\t\t\t\t<span  >\n\t\t\t\t\t\t\tFaites-moi part de vos envies !\t\t\t\t\t\t<\/span>\n\t\t\t\t\t<\/h2>\n\t\t\t\t\n\t\t\t\t\n\t\t\t<\/div>\n\t\t\t\n\t\t<\/div>\n\t\t\t\t\t\t<\/div>\n\t\t\t\t<div class=\"elementor-element elementor-element-a642e9f elementor-widget elementor-widget-text-editor\" data-id=\"a642e9f\" data-element_type=\"widget\" data-e-type=\"widget\" data-widget_type=\"text-editor.default\">\n\t\t\t\t\t\t\t\t\tContactez-moi si vous souhaitez davantage d&rsquo;informations, ou si vous avez un projet particulier \u00e0 d\u00e9velopper. Toutes les sorties sont adaptables selon votre niveau et vos envies. Demandez-moi une offre personnalis\u00e9e si n\u00e9cessaire !\t\t\t\t\t\t\t\t<\/div>\n\t\t\t\t<\/div>\n\t\t<div class=\"elementor-element elementor-element-975bd6d e-con-full e-flex e-con e-child\" data-id=\"975bd6d\" data-element_type=\"container\" data-e-type=\"container\" data-settings=\"{&quot;background_background&quot;:&quot;classic&quot;}\">\n\t\t\t\t<\/div>\n\t\t\t\t<\/div>\n\t\t\t\t<div class=\"elementor-element elementor-element-22d12df elementor-button-align-stretch elementor-widget elementor-widget-form\" data-id=\"22d12df\" data-element_type=\"widget\" data-e-type=\"widget\" data-settings=\"{&quot;step_next_label&quot;:&quot;Suivant&quot;,&quot;step_previous_label&quot;:&quot;Pr\\u00e9c\\u00e9dent&quot;,&quot;button_width&quot;:&quot;100&quot;,&quot;step_type&quot;:&quot;number_text&quot;,&quot;step_icon_shape&quot;:&quot;circle&quot;}\" data-widget_type=\"form.default\">\n\t\t\t\t\t\t\t<form class=\"elementor-form\" method=\"post\" name=\"Contact\" aria-label=\"Contact\">\n\t\t\t<input type=\"hidden\" name=\"post_id\" value=\"32\"\/>\n\t\t\t<input type=\"hidden\" name=\"form_id\" value=\"22d12df\"\/>\n\t\t\t<input type=\"hidden\" name=\"referer_title\" value=\"Contact &mdash; Alpes Ascensions\" \/>\n\n\t\t\t\t\t\t\t<input type=\"hidden\" name=\"queried_id\" value=\"32\"\/>\n\t\t\t\n\t\t\t<div class=\"elementor-form-fields-wrapper elementor-labels-above\">\n\t\t\t\t\t\t\t\t<div class=\"elementor-field-type-text elementor-field-group elementor-column elementor-field-group-prenom elementor-col-50 elementor-field-required elementor-mark-required\">\n\t\t\t\t\t\t\t\t\t\t\t\t<label for=\"form-field-prenom\" class=\"elementor-field-label\">\n\t\t\t\t\t\t\t\tPr\u00e9nom\t\t\t\t\t\t\t<\/label>\n\t\t\t\t\t\t\t\t\t\t\t\t\t\t<input size=\"1\" type=\"text\" name=\"form_fields[prenom]\" id=\"form-field-prenom\" class=\"elementor-field elementor-size-sm  elementor-field-textual\" placeholder=\"Votre pr\u00e9nom\" required=\"required\">\n\t\t\t\t\t\t\t\t\t\t\t<\/div>\n\t\t\t\t\t\t\t\t<div class=\"elementor-field-type-text elementor-field-group elementor-column elementor-field-group-nom elementor-col-50 elementor-field-required elementor-mark-required\">\n\t\t\t\t\t\t\t\t\t\t\t\t<label for=\"form-field-nom\" class=\"elementor-field-label\">\n\t\t\t\t\t\t\t\tNom\t\t\t\t\t\t\t<\/label>\n\t\t\t\t\t\t\t\t\t\t\t\t\t\t<input size=\"1\" type=\"text\" name=\"form_fields[nom]\" id=\"form-field-nom\" class=\"elementor-field elementor-size-sm  elementor-field-textual\" placeholder=\"Votre nom\" required=\"required\">\n\t\t\t\t\t\t\t\t\t\t\t<\/div>\n\t\t\t\t\t\t\t\t<div class=\"elementor-field-type-email elementor-field-group elementor-column elementor-field-group-email elementor-col-100 elementor-field-required elementor-mark-required\">\n\t\t\t\t\t\t\t\t\t\t\t\t<label for=\"form-field-email\" class=\"elementor-field-label\">\n\t\t\t\t\t\t\t\tE-mail\t\t\t\t\t\t\t<\/label>\n\t\t\t\t\t\t\t\t\t\t\t\t\t\t<input size=\"1\" type=\"email\" name=\"form_fields[email]\" id=\"form-field-email\" class=\"elementor-field elementor-size-sm  elementor-field-textual\" placeholder=\"E-mail\" required=\"required\">\n\t\t\t\t\t\t\t\t\t\t\t<\/div>\n\t\t\t\t\t\t\t\t<div class=\"elementor-field-type-tel elementor-field-group elementor-column elementor-field-group-telephone elementor-col-100 elementor-field-required elementor-mark-required\">\n\t\t\t\t\t\t\t\t\t\t\t\t<label for=\"form-field-telephone\" class=\"elementor-field-label\">\n\t\t\t\t\t\t\t\tT\u00e9l\u00e9phone\t\t\t\t\t\t\t<\/label>\n\t\t\t\t\t\t\t\t<input size=\"1\" type=\"tel\" name=\"form_fields[telephone]\" id=\"form-field-telephone\" class=\"elementor-field elementor-size-sm  elementor-field-textual\" placeholder=\"Votre t\u00e9l\u00e9phone\" required=\"required\" pattern=\"[0-9()#&amp;+*-=.]+\" title=\"Only numbers and phone characters (#, -, *, etc) are accepted.\">\n\n\t\t\t\t\t\t<\/div>\n\t\t\t\t\t\t\t\t<div class=\"elementor-field-type-textarea elementor-field-group elementor-column elementor-field-group-message elementor-col-100 elementor-field-required elementor-mark-required\">\n\t\t\t\t\t\t\t\t\t\t\t\t<label for=\"form-field-message\" class=\"elementor-field-label\">\n\t\t\t\t\t\t\t\tMessage\t\t\t\t\t\t\t<\/label>\n\t\t\t\t\t\t<textarea class=\"elementor-field-textual elementor-field  elementor-size-sm\" name=\"form_fields[message]\" id=\"form-field-message\" rows=\"8\" placeholder=\"Message\" required=\"required\"><\/textarea>\t\t\t\t<\/div>\n\t\t\t\t\t\t\t\t<div class=\"elementor-field-type-recaptcha_v3 elementor-field-group elementor-column elementor-field-group-field_42a5f3f elementor-col-100 recaptcha_v3-bottomright\">\n\t\t\t\t\t<div class=\"elementor-field\" id=\"form-field-field_42a5f3f\"><div class=\"elementor-g-recaptcha\" data-sitekey=\"6LcwPCQrAAAAAEJGjl9FCULy8gmxYQLkiGVLUI06\" data-type=\"v3\" data-action=\"Form\" data-badge=\"bottomright\" data-size=\"invisible\"><\/div><\/div>\t\t\t\t<\/div>\n\t\t\t\t\t\t\t\t<div class=\"elementor-field-group elementor-column elementor-field-type-submit elementor-col-100 e-form__buttons\">\n\t\t\t\t\t<button class=\"elementor-button elementor-size-sm\" type=\"submit\">\n\t\t\t\t\t\t<span class=\"elementor-button-content-wrapper\">\n\t\t\t\t\t\t\t\t\t\t\t\t\t\t\t\t\t\t\t\t\t\t<span class=\"elementor-button-text\">\u00catre recontact\u00e9<\/span>\n\t\t\t\t\t\t\t\t\t\t\t\t\t<\/span>\n\t\t\t\t\t<\/button>\n\t\t\t\t<\/div>\n\t\t\t<\/div>\n\t\t<\/form>\n\t\t\t\t\t\t<\/div>\n\t\t\t\t<\/div>\n\t\t\t\t<div class=\"elementor-element elementor-element-37d6902 elementor-widget elementor-widget-text-editor\" data-id=\"37d6902\" data-element_type=\"widget\" data-e-type=\"widget\" data-widget_type=\"text-editor.default\">\n\t\t\t\t\t\t\t\t\t<p>Baptiste Locatelli, responsable de traitement, met en oeuvre un traitement de donn\u00e9es \u00e0 caract\u00e8re personnel ayant pour finalit\u00e9 la gestion des demandes des personnes cherchant des renseignements.<\/p>\t\t\t\t\t\t\t\t<\/div>\n\t\t\t\t\t<\/div>\n\t\t\t\t<\/div>\n\t\t<footer class=\"elementor-element elementor-element-a072203 e-flex e-con-boxed e-con e-child\" data-id=\"a072203\" data-element_type=\"container\" data-e-type=\"container\">\n\t\t\t\t\t<div class=\"e-con-inner\">\n\t\t\t\t<div class=\"elementor-element elementor-element-7a0f643 elementor-widget elementor-widget-text-editor\" data-id=\"7a0f643\" data-element_type=\"widget\" data-e-type=\"widget\" data-widget_type=\"text-editor.default\">\n\t\t\t\t\t\t\t\t\t<p>\u00a9 <a href=\"https:\/\/topicimes.pro\/agence-wordpress\/agence-wordpress-chambery\/\" target=\"_blank\" rel=\"noopener\"><span style=\"text-decoration: underline;\">Agence WordPress Chamb\u00e9ry<\/span><\/a> \u2014 Topicimes<\/p>\t\t\t\t\t\t\t\t<\/div>\n\t\t\t\t<div class=\"elementor-element elementor-element-adf9be1 elementor-widget elementor-widget-heading\" data-id=\"adf9be1\" data-element_type=\"widget\" data-e-type=\"widget\" data-widget_type=\"heading.default\">\n\t\t\t\t\t<span class=\"elementor-heading-title elementor-size-default\"><a href=\"https:\/\/alpes-ascensions.com\/en\/legal-information\/\">Mentions l\u00e9gales<\/a><\/span>\t\t\t\t<\/div>\n\t\t\t\t\t<\/div>\n\t\t\t\t<\/footer>\n\t\t\t\t<\/div>\n\t\t","protected":false},"excerpt":{"rendered":"<p>Appelez-moi : +33 (0)7 49 83 27 87 Besoin d&rsquo;infos ? Demandez-moi conseil, cela n&rsquo;engage \u00e0 rien ! Faites-moi part de vos envies ! Contactez-moi si vous souhaitez davantage d&rsquo;informations, ou si vous avez un projet particulier \u00e0 d\u00e9velopper. Toutes les sorties sont adaptables selon votre niveau et vos envies. Demandez-moi une offre personnalis\u00e9e si [&hellip;]<\/p>\n","protected":false},"author":1,"featured_media":1564,"parent":0,"menu_order":0,"comment_status":"closed","ping_status":"closed","template":"elementor_canvas","meta":{"footnotes":""},"class_list":["post-32","page","type-page","status-publish","has-post-thumbnail","hentry"],"_links":{"self":[{"href":"https:\/\/alpes-ascensions.com\/en\/wp-json\/wp\/v2\/pages\/32","targetHints":{"allow":["GET"]}}],"collection":[{"href":"https:\/\/alpes-ascensions.com\/en\/wp-json\/wp\/v2\/pages"}],"about":[{"href":"https:\/\/alpes-ascensions.com\/en\/wp-json\/wp\/v2\/types\/page"}],"author":[{"embeddable":true,"href":"https:\/\/alpes-ascensions.com\/en\/wp-json\/wp\/v2\/users\/1"}],"replies":[{"embeddable":true,"href":"https:\/\/alpes-ascensions.com\/en\/wp-json\/wp\/v2\/comments?post=32"}],"version-history":[{"count":3,"href":"https:\/\/alpes-ascensions.com\/en\/wp-json\/wp\/v2\/pages\/32\/revisions"}],"predecessor-version":[{"id":3397,"href":"https:\/\/alpes-ascensions.com\/en\/wp-json\/wp\/v2\/pages\/32\/revisions\/3397"}],"wp:featuredmedia":[{"embeddable":true,"href":"https:\/\/alpes-ascensions.com\/en\/wp-json\/wp\/v2\/media\/1564"}],"wp:attachment":[{"href":"https:\/\/alpes-ascensions.com\/en\/wp-json\/wp\/v2\/media?parent=32"}],"curies":[{"name":"wp","href":"https:\/\/api.w.org\/{rel}","templated":true}]}}